{"id":1004,"date":"2024-02-21T21:16:41","date_gmt":"2024-02-21T21:16:41","guid":{"rendered":"https:\/\/www.cafesillesbalears.com\/cafes-artesanales\/cafe-ecologico-mallorca\/"},"modified":"2024-11-08T10:18:56","modified_gmt":"2024-11-08T10:18:56","slug":"zertifizierter-bio-kaffee-mallorca","status":"publish","type":"product","link":"https:\/\/www.cafesillesbalears.com\/de\/cafes-artesanales\/zertifizierter-bio-kaffee-mallorca\/","title":{"rendered":"Kaffee 100 % biologisch"},"content":{"rendered":"<p>[et_pb_section fb_built=&#8220;1&#8243; _builder_version=&#8220;4.16&#8243; custom_padding=&#8220;0px||6px||false|false&#8220; global_colors_info=&#8220;{}&#8220;][et_pb_row _builder_version=&#8220;4.16&#8243; background_size=&#8220;initial&#8220; background_position=&#8220;top_left&#8220; background_repeat=&#8220;repeat&#8220; width=&#8220;100%&#8220; custom_padding=&#8220;0px||0px||false|false&#8220; global_colors_info=&#8220;{}&#8220;][et_pb_column type=&#8220;4_4&#8243; _builder_version=&#8220;4.16&#8243; custom_padding=&#8220;|||&#8220; global_colors_info=&#8220;{}&#8220; custom_padding__hover=&#8220;|||&#8220;][et_pb_wc_breadcrumb _builder_version=&#8220;4.22.2&#8243; link_text_color=&#8220;#000000&#8243; global_colors_info=&#8220;{}&#8220;][\/et_pb_wc_breadcrumb][\/et_pb_column][\/et_pb_row][et_pb_row column_structure=&#8220;1_2,1_2&#8243; _builder_version=&#8220;4.16&#8243; background_size=&#8220;initial&#8220; background_position=&#8220;top_left&#8220; background_repeat=&#8220;repeat&#8220; width=&#8220;100%&#8220; custom_padding=&#8220;0px||||false|false&#8220; global_colors_info=&#8220;{}&#8220;][et_pb_column type=&#8220;1_2&#8243; _builder_version=&#8220;4.16&#8243; custom_padding=&#8220;|||&#8220; global_colors_info=&#8220;{}&#8220; custom_padding__hover=&#8220;|||&#8220;][et_pb_wc_images show_sale_badge=&#8220;off&#8220; sale_badge_color=&#8220;#000000&#8243; _builder_version=&#8220;4.22.2&#8243; sale_badge_font_size=&#8220;17px&#8220; global_colors_info=&#8220;{}&#8220;][\/et_pb_wc_images][\/et_pb_column][et_pb_column type=&#8220;1_2&#8243; _builder_version=&#8220;4.16&#8243; custom_padding=&#8220;|||&#8220; global_colors_info=&#8220;{}&#8220; custom_padding__hover=&#8220;|||&#8220;][et_pb_wc_title _builder_version=&#8220;4.22.2&#8243; custom_margin=&#8220;||18px|||&#8220; global_colors_info=&#8220;{}&#8220;][\/et_pb_wc_title][et_pb_wc_price _builder_version=&#8220;4.16&#8243; custom_margin=&#8220;||15px|||&#8220; global_colors_info=&#8220;{}&#8220;][\/et_pb_wc_price][et_pb_wc_description _builder_version=&#8220;4.22.2&#8243; global_colors_info=&#8220;{}&#8220;][\/et_pb_wc_description][et_pb_text _builder_version=&#8220;4.22.2&#8243; _module_preset=&#8220;default&#8220; custom_margin=&#8220;||14px|||&#8220; global_colors_info=&#8220;{}&#8220;]<\/p>\n<p><strong>W\u00c4HLEN SIE IHREN MAHLGRAD<\/strong><\/p>\n<p>[\/et_pb_text][et_pb_wc_add_to_cart _builder_version=&#8220;4.16&#8243; global_colors_info=&#8220;{}&#8220;][\/et_pb_wc_add_to_cart][et_pb_wc_meta show_categories=&#8220;off&#8220; show_tags=&#8220;off&#8220; _builder_version=&#8220;4.24.2&#8243; _module_preset=&#8220;default&#8220; global_colors_info=&#8220;{}&#8220;][\/et_pb_wc_meta][\/et_pb_column][\/et_pb_row][et_pb_row _builder_version=&#8220;4.16&#8243; background_size=&#8220;initial&#8220; background_position=&#8220;top_left&#8220; background_repeat=&#8220;repeat&#8220; width=&#8220;100%&#8220; custom_padding=&#8220;4px||13px|||&#8220; global_colors_info=&#8220;{}&#8220;][et_pb_column type=&#8220;4_4&#8243; _builder_version=&#8220;4.16&#8243; custom_padding=&#8220;|||&#8220; global_colors_info=&#8220;{}&#8220; custom_padding__hover=&#8220;|||&#8220;][et_pb_wc_title _builder_version=&#8220;4.24.2&#8243; header_level=&#8220;h2&#8243; header_text_align=&#8220;center&#8220; custom_margin=&#8220;||18px|||&#8220; global_colors_info=&#8220;{}&#8220;][\/et_pb_wc_title][et_pb_wc_description description_type=&#8220;description&#8220; _builder_version=&#8220;4.22.2&#8243; _module_preset=&#8220;default&#8220; text_orientation=&#8220;center&#8220; global_colors_info=&#8220;{}&#8220;][\/et_pb_wc_description][et_pb_image src=&#8220;https:\/\/www.cafesillesbalears.com\/wp-content\/uploads\/cafe_calidad.png&#8220; title_text=&#8220;cafe_calidad&#8220; align=&#8220;center&#8220; _builder_version=&#8220;4.24.2&#8243; _module_preset=&#8220;default&#8220; custom_margin=&#8220;||9px|||&#8220; global_colors_info=&#8220;{}&#8220;][\/et_pb_image][et_pb_text quote_border_weight=&#8220;2px&#8220; _builder_version=&#8220;4.24.2&#8243; _module_preset=&#8220;default&#8220; text_font=&#8220;|600|||||||&#8220; text_text_color=&#8220;#FFFFFF&#8220; text_font_size=&#8220;19px&#8220; text_line_height=&#8220;1.5em&#8220; quote_text_align=&#8220;center&#8220; background_color=&#8220;#F74334&#8243; text_orientation=&#8220;center&#8220; custom_padding=&#8220;10px|5px|10px|5px|true|true&#8220; border_width_all=&#8220;1px&#8220; border_color_all=&#8220;#F74334&#8243; global_module=&#8220;348&#8243; saved_tabs=&#8220;all&#8220; global_colors_info=&#8220;{}&#8220;]<\/p>\n<p>Elaboramos nuestro caf\u00e9 artesanalmente, desde el tueste hasta la mezcla del caf\u00e9, paquete a paquete.<br \/>Por esto podemos decir que somos la \u00fanica\u00a0<strong>empresa de caf\u00e9\u00a0artesanal<\/strong> que queda en las <strong>Islas Baleares.<\/strong><\/p>\n<p>[\/et_pb_text][et_pb_wc_related_products include_categories=&#8220;17&#8243; _builder_version=&#8220;4.22.2&#8243; global_colors_info=&#8220;{}&#8220;][\/et_pb_wc_related_products][et_pb_wc_upsells _builder_version=&#8220;4.16&#8243; global_colors_info=&#8220;{}&#8220;][\/et_pb_wc_upsells][et_pb_text _builder_version=&#8220;4.24.2&#8243; _module_preset=&#8220;default&#8220; global_colors_info=&#8220;{}&#8220;]<\/p>\n<p style=\"text-align: center;\">Damit unsere <strong>handwerklich hergestellten Kaffees <\/strong> nach dem R\u00f6sten nicht an Qualit\u00e4t einb\u00fc\u00dfen, v<strong>erpacken wir sie in Verpackungen mit Zip-Verschluss und Einwegventil, so dass der Geschmack und Duft erhalten bleiben.<\/strong><em>Alle unsere handwerklich hergestellten Kaffees eignen sich f\u00fcr alle Arten von Kaffeemaschinen. <\/em><\/p>\n<p style=\"text-align: center;\">Unser Kaffee ist ein Kaffee, der in unserer Faktur in Palma de Mallorca ger\u00f6stet wird, wobei ein strenger Qualit\u00e4tssicherungsprozess eingehalten wird. Es ist tats\u00e4chlich so, dass wir aufgrund unserer R\u00f6stmethode nur 30 kg Kaffee pro R\u00f6stung verarbeiten.<\/p>\n<p style=\"text-align: center;\"><strong>Geschmack und intensiver Duft<\/strong><br \/>Der Geschmack und der Duft unseres Kaffees ist eng mit seiner F\u00e4higkeit verbunden, seine Eigenschaften zu erhalten. Wir verwenden ein Rotationssystem f\u00fcr den Kaffee, durch das unsere Kunden einen frischen und intensiven Kaffee erhalten, der frisch ger\u00f6stet ist und so alle Eigenschaften bewahrt.<\/p>\n<p>[\/et_pb_text][et_pb_wc_meta _builder_version=&#8220;4.22.2&#8243; body_text_align=&#8220;center&#8220; custom_margin=&#8220;||23px|||&#8220; global_colors_info=&#8220;{}&#8220;][\/et_pb_wc_meta][\/et_pb_column][\/et_pb_row][\/et_pb_section]<\/p>\n","protected":false},"excerpt":{"rendered":"<p>Certified Organic Coffee<br \/><strong>Blend:<\/strong> 100% Arabica<br \/><strong>Bag:<\/strong> 250 g<\/p>\n","protected":false},"featured_media":823,"comment_status":"closed","ping_status":"closed","template":"","meta":{"_et_pb_use_builder":"on","_et_pb_old_content":"Kaffee mit geringem S\u00e4uregehalt, vollmundig, ausgewogen, anhaltender Geschmack im Mund, hoher Koffeingehalt. Es ist die Bio-Mischung von Cafes Illes Balears. <strong>Blend 100% ar\u00e1bica<\/strong>\n\n<em>Wir sind ein Unternehmen, das sich stark f\u00fcr den Umweltschutz engagiert. Aus diesem Grund haben wir im Jahr 2005 mit der ersten experimentellen Kaffeeplantage ein Nachhaltigkeitsprogramm in Europa in Angriff genommen, das unseren CO2-Fu\u00dfabdruck verringert und eine gr\u00f6\u00dfere Vielfalt auf unserer Plantage erm\u00f6glicht.<\/em>","_et_gb_content_width":"","_joinchat":[]},"product_brand":[],"product_cat":[76],"product_tag":[82,80,79,81,77,83,78],"class_list":{"0":"post-1004","1":"product","2":"type-product","3":"status-publish","4":"has-post-thumbnail","6":"product_cat-kaffees-de","7":"product_tag-gourmet-kaffees-de","8":"product_tag-handwerkliche-kaffees-de","9":"product_tag-kaffee-de","10":"product_tag-kaffee-biologisch-de","11":"product_tag-kaffee-extra-qualitat-de","12":"product_tag-kaffee-illes-balears-de","13":"product_tag-mallorca-kaffee-de","15":"first","16":"instock","17":"taxable","18":"shipping-taxable","19":"purchasable","20":"product-type-variable"},"aioseo_notices":[],"_links":{"self":[{"href":"https:\/\/www.cafesillesbalears.com\/de\/wp-json\/wp\/v2\/product\/1004","targetHints":{"allow":["GET"]}}],"collection":[{"href":"https:\/\/www.cafesillesbalears.com\/de\/wp-json\/wp\/v2\/product"}],"about":[{"href":"https:\/\/www.cafesillesbalears.com\/de\/wp-json\/wp\/v2\/types\/product"}],"replies":[{"embeddable":true,"href":"https:\/\/www.cafesillesbalears.com\/de\/wp-json\/wp\/v2\/comments?post=1004"}],"wp:featuredmedia":[{"embeddable":true,"href":"https:\/\/www.cafesillesbalears.com\/de\/wp-json\/wp\/v2\/media\/823"}],"wp:attachment":[{"href":"https:\/\/www.cafesillesbalears.com\/de\/wp-json\/wp\/v2\/media?parent=1004"}],"wp:term":[{"taxonomy":"product_brand","embeddable":true,"href":"https:\/\/www.cafesillesbalears.com\/de\/wp-json\/wp\/v2\/product_brand?post=1004"},{"taxonomy":"product_cat","embeddable":true,"href":"https:\/\/www.cafesillesbalears.com\/de\/wp-json\/wp\/v2\/product_cat?post=1004"},{"taxonomy":"product_tag","embeddable":true,"href":"https:\/\/www.cafesillesbalears.com\/de\/wp-json\/wp\/v2\/product_tag?post=1004"}],"curies":[{"name":"wp","href":"https:\/\/api.w.org\/{rel}","templated":true}]}}